{"id":986,"date":"2020-12-16T14:10:52","date_gmt":"2020-12-16T12:10:52","guid":{"rendered":"https:\/\/www.kidsskills.org\/WP-fin\/?page_id=986"},"modified":"2020-12-16T20:42:41","modified_gmt":"2020-12-16T18:42:41","slug":"polish-version-of-linda-tames-her-tiger","status":"publish","type":"page","link":"https:\/\/www.kidsskills.org\/WP-fin\/?page_id=986","title":{"rendered":"ZOSIA OSWAJA SWOJEGO TYGRYSA"},"content":{"rendered":"<p>[et_pb_section admin_label=&#8221;section&#8221; transparent_background=&#8221;off&#8221; background_color=&#8221;#9a99bf&#8221; allow_player_pause=&#8221;off&#8221; inner_shadow=&#8221;off&#8221; parallax=&#8221;off&#8221; parallax_method=&#8221;off&#8221; padding_mobile=&#8221;off&#8221; make_fullwidth=&#8221;off&#8221; use_custom_width=&#8221;off&#8221; width_unit=&#8221;on&#8221; make_equal=&#8221;off&#8221; use_custom_gutter=&#8221;off&#8221;][et_pb_row admin_label=&#8221;row&#8221;][et_pb_column type=&#8221;4_4&#8243;][et_pb_text admin_label=&#8221;Linda&#8221; background_layout=&#8221;light&#8221; text_orientation=&#8221;left&#8221; use_border_color=&#8221;off&#8221; border_color=&#8221;#ffffff&#8221; border_style=&#8221;solid&#8221;]<\/p>\n<h2 style=\"text-align: center;\"><strong>ZOSIA OSWAJA SWOJEGO TYGRYSA<\/strong><\/h2>\n<p style=\"text-align: center;\"><a href=\"https:\/\/www.kidsskills.org\/WP-fin\/wp-content\/uploads\/tigerphase-tp.gif\"><img loading=\"lazy\" decoding=\"async\" class=\"alignnone wp-image-494\" src=\"https:\/\/www.kidsskills.org\/WP-fin\/wp-content\/uploads\/tigerphase-tp.gif\" alt=\"tigerphase-tp\" width=\"247\" height=\"333\" \/><\/a><\/p>\n<p>\u201cZosia oswaja swojego tygrysa\u201d jest opowie\u015bci\u0105 o ma\u0142ej dziewczynce, kt\u00f3ra wpada na pomys\u0142, jak poradzi\u0107 sobie ze swoimi wybuchami z\u0142o\u015bci. Zosia dowiaduje si\u0119, \u017ce jej mama r\u00f3wnie\u017c cierpia\u0142a na t\u0119 przypad\u0142o\u015b\u0107. \u00a0Poznaje te\u017c spos\u00f3b, w jaki wiele lat temu jej dziadek pom\u00f3g\u0142 jej mamie poradzi\u0107 sobie z tym problemem.<\/p>\n<p><strong>Autor: Dr Ben Furman<br \/>\n<\/strong>Ilustracje:Virpi Talvitie<br \/>\nPrzek\u0142ad na j\u0119zyk polski: Agnieszka Hirny<\/p>\n<p>[\/et_pb_text][\/et_pb_column][\/et_pb_row][\/et_pb_section][et_pb_section admin_label=&#8221;Section&#8221; fullwidth=&#8221;off&#8221; specialty=&#8221;off&#8221;][et_pb_row admin_label=&#8221;Row&#8221;][et_pb_column type=&#8221;4_4&#8243;][et_pb_text admin_label=&#8221;Text&#8221; background_layout=&#8221;light&#8221; text_orientation=&#8221;left&#8221; use_border_color=&#8221;off&#8221; border_color=&#8221;#ffffff&#8221; border_style=&#8221;solid&#8221;]<\/p>\n<p><img loading=\"lazy\" decoding=\"async\" class=\"size-medium wp-image-474 aligncenter\" src=\"https:\/\/www.kidsskills.org\/WP-fin\/wp-content\/uploads\/draggingtoy-300x209.jpg\" alt=\"draggingtoy\" width=\"300\" height=\"209\" srcset=\"https:\/\/www.kidsskills.org\/WP-fin\/wp-content\/uploads\/draggingtoy-300x209.jpg 300w, https:\/\/www.kidsskills.org\/WP-fin\/wp-content\/uploads\/draggingtoy-150x105.jpg 150w, https:\/\/www.kidsskills.org\/WP-fin\/wp-content\/uploads\/draggingtoy.jpg 400w\" sizes=\"(max-width: 300px) 100vw, 300px\" \/><\/p>\n<p>&nbsp;<\/p>\n<p>&#8211; Zosia jest tak\u0105 urocz\u0105 dziewczynk\u0105 &#8211; powiedzia\u0142a babcia &#8211; i jest te\u017c taka mi\u0142a.<\/p>\n<p>&#8211; Zosia jest mi\u0142a wi\u0119kszo\u015b\u0107 czasu ale nie zawsze &#8211; powiedzia\u0142a mama wzdychaj\u0105c.<\/p>\n<p>&#8211; No c\u00f3\u017c &#8211; powiedzia\u0142a babcia &#8211; ja uwa\u017cam, \u017ce ona zawsze jest mi\u0142a.<\/p>\n<p><a href=\"https:\/\/www.kidsskills.org\/WP-fin\/wp-content\/uploads\/momandgranma.jpg\"><img loading=\"lazy\" decoding=\"async\" class=\"size-medium wp-image-484 alignright\" src=\"https:\/\/www.kidsskills.org\/WP-fin\/wp-content\/uploads\/momandgranma-300x254.jpg\" alt=\"momandgranma\" width=\"300\" height=\"254\" srcset=\"https:\/\/www.kidsskills.org\/WP-fin\/wp-content\/uploads\/momandgranma-300x254.jpg 300w, https:\/\/www.kidsskills.org\/WP-fin\/wp-content\/uploads\/momandgranma-150x127.jpg 150w, https:\/\/www.kidsskills.org\/WP-fin\/wp-content\/uploads\/momandgranma.jpg 400w\" sizes=\"(max-width: 300px) 100vw, 300px\" \/><\/a>&#8211; Nie wiesz wszystkiego &#8211; powiedzia\u0142a mama ze smutkiem. &#8211; Bywa, \u017ce jej zachowanie jest nie do wytrzymania.<\/p>\n<p>&#8211; Wszystkie dzieci czasami sprawiaj\u0105 trudno\u015bci, pewnie to nie jest nic powa\u017cnego &#8211; powiedzia\u0142a babcia, pr\u00f3buj\u0105c uspokoi\u0107 swoj\u0105 c\u00f3rk\u0119.<\/p>\n<p>&#8211; Nie rozumiesz \u2013 powiedzia\u0142a mama &#8211; Zosia wymyka si\u0119 spod kontroli. Ma straszne napady z\u0142o\u015bci. Boj\u0119 si\u0119, \u017ce nied\u0142ugo tego nie wytrzymam. Wczoraj wpad\u0142a w sza\u0142 w centrum handlowym. To by\u0142o straszne. Wszyscy si\u0119 na nas patrzyli. Na pewno pomy\u015bleli, \u017ce jestem okropn\u0105 matk\u0105, kt\u00f3ra nie potrafi wychowa\u0107 dziecka &#8211; mamie \u0142zy nap\u0142yn\u0119\u0142y do oczu.<\/p>\n<p>&#8211; To nie twoja wina, \u017ce Zosia si\u0119 tak z\u0142o\u015bci &#8211; powiedzia\u0142a babcia. &#8211; Wiele dzieci czasami tak si\u0119 zachowuje. Nawet ty, gdy by\u0142a\u015b ma\u0142a, potrafi\u0142a\u015b z\u0142o\u015bci\u0107 si\u0119 bez opami\u0119tania. Pami\u0119tam jak kiedy\u015b tak strasznie krzycza\u0142a\u015b, rzuca\u0142a\u015b si\u0119, \u017ce a\u017c zmoczy\u0142a\u015b majtki.<\/p>\n<p><a href=\"https:\/\/www.kidsskills.org\/WP-fin\/wp-content\/uploads\/granmaandlinda.jpg\"><img loading=\"lazy\" decoding=\"async\" class=\"size-medium wp-image-476 aligncenter\" src=\"https:\/\/www.kidsskills.org\/WP-fin\/wp-content\/uploads\/granmaandlinda-300x100.jpg\" alt=\"granmaandlinda\" width=\"300\" height=\"100\" srcset=\"https:\/\/www.kidsskills.org\/WP-fin\/wp-content\/uploads\/granmaandlinda-300x100.jpg 300w, https:\/\/www.kidsskills.org\/WP-fin\/wp-content\/uploads\/granmaandlinda-150x50.jpg 150w, https:\/\/www.kidsskills.org\/WP-fin\/wp-content\/uploads\/granmaandlinda.jpg 500w\" sizes=\"(max-width: 300px) 100vw, 300px\" \/><\/a><br \/>\n&#8211; Nie pami\u0119tam niczego takiego &#8211; powiedzia\u0142a mama z u\u015bmiechem na twarzy.<\/p>\n<p>&#8211; Nie musisz wszystkiego pami\u0119ta\u0107 &#8211; powiedzia\u0142a babcia i wzi\u0119\u0142a \u0142yk kawy &#8211; Chc\u0119 tylko powiedzie\u0107, \u017ce z tob\u0105 te\u017c nie by\u0142o \u0142atwo.<\/p>\n<p>&#8211; To jak uda\u0142o mi si\u0119 z tym poradzi\u0107 &#8211; spyta\u0142a mama &#8211; samo si\u0119 to sta\u0142o, czy ty mi pomog\u0142a\u015b?<\/p>\n<p><a href=\"https:\/\/www.kidsskills.org\/WP-fin\/wp-content\/uploads\/momwithcoffeecup.jpg\"><img loading=\"lazy\" decoding=\"async\" class=\" wp-image-486 aligncenter\" src=\"https:\/\/www.kidsskills.org\/WP-fin\/wp-content\/uploads\/momwithcoffeecup-300x102.jpg\" alt=\"momwithcoffeecup\" width=\"362\" height=\"123\" srcset=\"https:\/\/www.kidsskills.org\/WP-fin\/wp-content\/uploads\/momwithcoffeecup-300x102.jpg 300w, https:\/\/www.kidsskills.org\/WP-fin\/wp-content\/uploads\/momwithcoffeecup-150x51.jpg 150w, https:\/\/www.kidsskills.org\/WP-fin\/wp-content\/uploads\/momwithcoffeecup.jpg 500w\" sizes=\"(max-width: 362px) 100vw, 362px\" \/><\/a><\/p>\n<p>&#8211; \u00a0Dzi\u015b ju\u017c nie wiem dok\u0142adnie jak to by\u0142o. Wydaje mi si\u0119, \u017ce urz\u0105dzili\u015bcie z tat\u0105 jaki\u015b rodzaj zawod\u00f3w. Pami\u0119tam jak obydwoje le\u017celi\u015bcie na pod\u0142odze i \u015bcigali\u015bcie si\u0119 kto b\u0119dzie mia\u0142 najbardziej szalony atak z\u0142o\u015bci. Co takiego zrobi\u0142a\u015b nie umiem powiedzie\u0107 ale wiem, \u017ce pozby\u0142a\u015b si\u0119 swoich napad\u00f3w z\u0142o\u015bci raz na zawsze. By\u0107 mo\u017ce powinna\u015b zapyta\u0107 tat\u0119. On pewnie b\u0119dzie to lepiej pami\u0119ta\u0142. Kto wie, mo\u017ce b\u0119dziesz mog\u0142a zrobi\u0107 co\u015b podobnego z Zosi\u0105.<\/p>\n<p><a href=\"https:\/\/www.kidsskills.org\/WP-fin\/wp-content\/uploads\/elina-09.gif\"><img loading=\"lazy\" decoding=\"async\" class=\"aligncenter wp-image-506 size-full\" src=\"https:\/\/www.kidsskills.org\/WP-fin\/wp-content\/uploads\/elina-09.gif\" alt=\"elina-09\" width=\"600\" height=\"234\" \/><\/a><\/p>\n<p>&#8211; Wiesz co &#8211; powiedzia\u0142a mama do Zosi &#8211; \u00a0rozmawia\u0142am z babci\u0105 i powiedzia\u0142a mi, \u017ce gdy by\u0142am w twoim wieku, to te\u017c mia\u0142am wybuchy z\u0142o\u015bci podobne do twoich. Powiedzia\u0142a te\u017c, \u017ce upora\u0107 si\u0119 z tym pom\u00f3g\u0142 mi tw\u00f3j dziadek, kt\u00f3ry wie co robi\u0107 w takich sytuacjach. \u00a0Babcia zapyta go o to, \u017ceby pom\u00f3c tobie. Co o tym s\u0105dzisz?<\/p>\n<p>Zosia zacz\u0119\u0142o si\u0119 zastanawia\u0107 nad tym sk\u0105d dziadek wie jak pozby\u0107 si\u0119 napad\u00f3w z\u0142o\u015bci. By\u0107 mo\u017ce te\u017c je mia\u0142, gdy by\u0142 ma\u0142ym ch\u0142opcem.<\/p>\n<p>&#8211; Tak, chod\u017amy do dziadka! &#8211; powiedzia\u0142a Zosia \u0142api\u0105c mam\u0119 za r\u0119k\u0119.<\/p>\n<p>Obie posz\u0142y do dziadka, kt\u00f3ry w\u0142a\u015bnie pracowa\u0142 w ogrodzie. Zosia by\u0142a bardzo ciekawa tego co powie.<a href=\"https:\/\/www.kidsskills.org\/WP-fin\/wp-content\/uploads\/granpa.jpg\"><img loading=\"lazy\" decoding=\"async\" class=\"size-medium wp-image-477 alignright\" src=\"https:\/\/www.kidsskills.org\/WP-fin\/wp-content\/uploads\/granpa-202x300.jpg\" alt=\"granpa\" width=\"202\" height=\"300\" srcset=\"https:\/\/www.kidsskills.org\/WP-fin\/wp-content\/uploads\/granpa-202x300.jpg 202w, https:\/\/www.kidsskills.org\/WP-fin\/wp-content\/uploads\/granpa-101x150.jpg 101w, https:\/\/www.kidsskills.org\/WP-fin\/wp-content\/uploads\/granpa.jpg 300w\" sizes=\"(max-width: 202px) 100vw, 202px\" \/><\/a><\/p>\n<p>&#8211; Cze\u015b\u0107 dziadku &#8211; powiedzia\u0142a mama &#8211; czy pami\u0119tasz o moich wybuchach z\u0142o\u015bci gdy by\u0142am ma\u0142a?<\/p>\n<p>&#8211; Pewnie, \u017ce tak! Nazywali\u015bmy je tygrysimi atakami. By\u0142a\u015b w\u015bciek\u0142a jak ma\u0142y tygrysek. Krzycza\u0142a\u015b i szala\u0142a\u015b i nie chcia\u0142a\u015b \u017ceby ci\u0119 ktokolwiek dotyka\u0142.<\/p>\n<p>&#8211; Ciekawe dlaczego tak robi\u0142am?- zastanawia\u0142a si\u0119 mama.<\/p>\n<p><a href=\"https:\/\/www.kidsskills.org\/WP-fin\/wp-content\/uploads\/inthebelt.jpg\"><img loading=\"lazy\" decoding=\"async\" class=\"size-medium wp-image-480 alignleft\" src=\"https:\/\/www.kidsskills.org\/WP-fin\/wp-content\/uploads\/inthebelt-300x257.jpg\" alt=\"inthebelt\" width=\"300\" height=\"257\" srcset=\"https:\/\/www.kidsskills.org\/WP-fin\/wp-content\/uploads\/inthebelt-300x257.jpg 300w, https:\/\/www.kidsskills.org\/WP-fin\/wp-content\/uploads\/inthebelt-150x129.jpg 150w, https:\/\/www.kidsskills.org\/WP-fin\/wp-content\/uploads\/inthebelt.jpg 400w\" sizes=\"(max-width: 300px) 100vw, 300px\" \/><\/a>&#8211; Nie wiem, ale zazwyczaj co\u015b ci\u0119 irytowa\u0142o &#8211; powiedzia\u0142. &#8211; To mog\u0142a by\u0107 jaka\u015b ma\u0142a rzecz, np. gdy nie zgodzili\u015bmy si\u0119 \u017ceby kupi\u0107 ci kolejnego loda, albo jak chcieli\u015bmy \u017ceby\u015b zapi\u0119\u0142a pasy. Gdy si\u0119 zdenerwowa\u0142a\u015b, to nie potrafi\u0142a\u015b tego zatrzyma\u0107. Wtedy w\u0142a\u015bnie stwierdzili\u015bmy, \u017ce to tygrys, kt\u00f3ry jest w tobie straci\u0142 panowanie nad sob\u0105. &#8211; Wtedy mama zacz\u0119\u0142a si\u0119 zastanawia\u0107 i przypomnia\u0142o jej si\u0119, \u017ce gdy by\u0142a ma\u0142a, to narysowa\u0142a swojego wewn\u0119trznego tygrysa. Pomy\u015bla\u0142a sobie, \u017ce nadal ma ten rysunek w pude\u0142ku ze wspomnieniami z dzieci\u0144stwa. Pami\u0119ta, \u017ce jej tygrys by\u0142 tak dziki, \u017ce nawet ona si\u0119 go ba\u0142a.<\/p>\n<p>&#8211; Zosia te\u017c tak ma &#8211; powiedzia\u0142a mama &#8211; Nie potrafi zatrzyma\u0107 swojej z\u0142o\u015bci, nawet je\u015bli tego chce.<\/p>\n<p>&#8211; W jaki spos\u00f3b mama pozby\u0142a si\u0119 tego tygrysa?- spyta\u0142a Zosia.<\/p>\n<p>&#8211; Ona si\u0119 go nie pozby\u0142a &#8211; powiedzia\u0142 dziadek &#8211; ona go oswoi\u0142a.<\/p>\n<p>&#8211; Jak go oswoi\u0142a? &#8211; spyta\u0142a Zosia z zainteresowaniem.<\/p>\n<p>&#8211; Czy to prawda, \u017ce rywalizowa\u0142e\u015b ze mn\u0105 kto bardziej si\u0119 zez\u0142o\u015bci ? &#8211; spyta\u0142a mama.<a href=\"https:\/\/www.kidsskills.org\/WP-fin\/wp-content\/uploads\/sitting-in-lap.jpg\"><img loading=\"lazy\" decoding=\"async\" class=\"size-medium wp-image-488 alignright\" src=\"https:\/\/www.kidsskills.org\/WP-fin\/wp-content\/uploads\/sitting-in-lap-258x300.jpg\" alt=\"sitting-in-lap\" width=\"258\" height=\"300\" srcset=\"https:\/\/www.kidsskills.org\/WP-fin\/wp-content\/uploads\/sitting-in-lap-258x300.jpg 258w, https:\/\/www.kidsskills.org\/WP-fin\/wp-content\/uploads\/sitting-in-lap-129x150.jpg 129w, https:\/\/www.kidsskills.org\/WP-fin\/wp-content\/uploads\/sitting-in-lap.jpg 300w\" sizes=\"(max-width: 258px) 100vw, 258px\" \/><\/a><\/p>\n<p>&#8211; Nie, to nieprawda &#8211; powiedzia\u0142 dziadek &#8211; ja ci tylko pokaza\u0142em jak oswoi\u0107 swojego tygrysa. Gdy ci pokazywa\u0142em, ty zrobi\u0142a\u015b to samo i pewnie dlatego babcia my\u015bla\u0142a, \u017ce rywalizujemy ze sob\u0105.<\/p>\n<p>&#8211; No tak. A jak oswoi\u0142e\u015b swojego tygrysa, dziadku? &#8211; spyta\u0142a Zosia.<\/p>\n<p>&#8211; Mo\u017cemy ci pokaza\u0107, w jaki spos\u00f3b twoja mama oswoi\u0142a swojego \u2013 powiedzia\u0142 dziadek.<\/p>\n<p>&#8211; Tak, dziadku! Poka\u017c mi! Chc\u0119 to zobaczy\u0107!\u00a0 &#8211; powiedzia\u0142a Zosia.<\/p>\n<p>&#8211; No dobra, zr\u00f3bmy tak &#8211; powiedzia\u0142 dziadek i odwr\u00f3ci\u0142 si\u0119 w stron\u0119 mamy pytaj\u0105c &#8211; poka\u017cemy Zosi jak to zrobili\u015bmy?<\/p>\n<p>&#8211; Chcia\u0142abym &#8211; powiedzia\u0142a mama &#8211; ale nie pami\u0119tam jak to by\u0142o.<\/p>\n<p>&#8211; Nie martw si\u0119 &#8211; powiedzia\u0142 dziadek &#8211; powiem ci co trzeba zrobi\u0107 i na pewno sobie wtedy przypomnisz. \u00a0Nast\u0119pnie przekaza\u0142 mamie nast\u0119puj\u0105c\u0105 instrukcj\u0119;<\/p>\n<p>&#8211; Popro\u015b mnie \u017cebym da\u0142 ci t\u0119 \u0142opat\u0119 a ja nie b\u0119d\u0119 ci jej chcia\u0142 da\u0107. Natomiast ty nie b\u0119dziesz chcia\u0142a przyj\u0105\u0107 tego do wiadomo\u015bci i dalej b\u0119dziesz o ni\u0105 prosi\u0142a, a ja z kolei, nadal nie b\u0119d\u0119 chcia\u0142 ci jej da\u0107. Wtedy ty si\u0119 tak zez\u0142o\u015bcisz, \u017ce obudzisz swojego wewn\u0119trznego tygrysa, kt\u00f3ry r\u00f3wnie\u017c si\u0119 zez\u0142o\u015bci. I gdy b\u0119dziesz w samym \u015brodku swojego tygrysiego sza\u0142u, ja u\u017cyj\u0119 magicznego s\u0142owa \u201emr\u00f3z\u201d \u00a0A gdy ty us\u0142yszysz s\u0142owo \u201emr\u00f3z\u201d, natychmiast przestaniesz mie\u0107 napad z\u0142o\u015bci i zaczniesz si\u0119 zachowywa\u0107 jak gdyby nigdy nic. Czy dobrze zrozumia\u0142a\u015b t\u0105 instrukcj\u0119? &#8211; spyta\u0142 dziadek.<\/p>\n<p>&#8211; Tak, zrozumia\u0142am &#8211; powiedzia\u0142a mama.<\/p>\n<p><a href=\"https:\/\/www.kidsskills.org\/WP-fin\/wp-content\/uploads\/circusmeister.jpg\"><img loading=\"lazy\" decoding=\"async\" class=\"size-medium wp-image-473 alignleft\" src=\"https:\/\/www.kidsskills.org\/WP-fin\/wp-content\/uploads\/circusmeister-284x300.jpg\" alt=\"circusmeister\" width=\"284\" height=\"300\" srcset=\"https:\/\/www.kidsskills.org\/WP-fin\/wp-content\/uploads\/circusmeister-284x300.jpg 284w, https:\/\/www.kidsskills.org\/WP-fin\/wp-content\/uploads\/circusmeister-142x150.jpg 142w, https:\/\/www.kidsskills.org\/WP-fin\/wp-content\/uploads\/circusmeister.jpg 300w\" sizes=\"(max-width: 284px) 100vw, 284px\" \/><\/a>&#8211; Jak przez mg\u0142\u0119 pami\u0119tam tego tygrysa\u00a0 &#8211; powiedzia\u0142a mama &#8211; ale nie pami\u0119tam zabawy polegaj\u0105cej na zamra\u017caniu z\u0142o\u015bci w trakcie jej trwania. Ale zr\u00f3bmy to. I nagle mama odwr\u00f3ci\u0142a si\u0119 do dziadka i powiedzia\u0142a \u2013 Daj mi t\u0105 \u0142opat\u0119!<\/p>\n<p>&#8211; Nie, nie oddam ci jej \u2013 powiedzia\u0142 zdecydowanie dziadek.<\/p>\n<p>W tym momencie mama zacz\u0119\u0142a g\u0142o\u015bno krzycze\u0107. \u00a0Zosia si\u0119 przestraszy\u0142a mimo, \u017ce wiedzia\u0142a, \u017ce to jest na niby. Nast\u0119pnie mama rzuci\u0142a si\u0119 na ziemi\u0119 i zacz\u0119\u0142a krzycze\u0107 na dziadka, u\u017cywaj\u0105c s\u0142\u00f3w, kt\u00f3rych Zosia nigdy wcze\u015bniej nie s\u0142ysza\u0142a. Mama nawet spr\u00f3bowa\u0142a oplu\u0107 dziadka &#8211; tak na niby oczywi\u015bcie, ale to wszystko wygl\u0105da\u0142o jakby si\u0119 dzia\u0142o na powa\u017cnie. Mama by\u0142a tak\u0105 dobra aktork\u0105.<\/p>\n<p><a href=\"https:\/\/www.kidsskills.org\/WP-fin\/wp-content\/uploads\/tigerwithhumanhead.jpg\"><img loading=\"lazy\" decoding=\"async\" class=\"size-medium wp-image-492 alignright\" src=\"https:\/\/www.kidsskills.org\/WP-fin\/wp-content\/uploads\/tigerwithhumanhead-300x275.jpg\" alt=\"tigerwithhumanhead\" width=\"300\" height=\"275\" srcset=\"https:\/\/www.kidsskills.org\/WP-fin\/wp-content\/uploads\/tigerwithhumanhead-300x275.jpg 300w, https:\/\/www.kidsskills.org\/WP-fin\/wp-content\/uploads\/tigerwithhumanhead-150x137.jpg 150w, https:\/\/www.kidsskills.org\/WP-fin\/wp-content\/uploads\/tigerwithhumanhead.jpg 400w\" sizes=\"(max-width: 300px) 100vw, 300px\" \/><\/a><\/p>\n<p>Nagle dziadek powiedzia\u0142 \u201cmr\u00f3z\u201d i w tej samej chwili mama przerwa\u0142a sw\u00f3j napad z\u0142o\u015bci. Wsta\u0142a jakby nic si\u0119 nie sta\u0142o i otrzepa\u0142a swoje ubranie. Zosia mia\u0142a nadziej\u0119, \u017ce nikt nie widzia\u0142 tego co przed chwil\u0105 robi\u0142a jej mama. Co pomy\u015bleliby jej przyjaciele, gdyby widzieli jak jej mama si\u0119 zachowuje, gdy ma napad z\u0142o\u015bci. Zupe\u0142nie jakby by\u0142a dwuletnim dzieckiem.<\/p>\n<p>&#8211; Tak si\u0119 w\u0142a\u015bnie oswaja tygrysy &#8211; powiedzia\u0142 dziadek. Najpierw musisz go obudzi\u0107, a kiedy jest ju\u017c naprawd\u0119 z\u0142y, to go uspokajasz. Je\u015bli chcesz, to mog\u0119 ci pokaza\u0107 jak dobrze potrafi\u0119 oswaja\u0107 mojego tygrysa. &#8211; Chcesz? &#8211; spyta\u0142 dziadek.<\/p>\n<p>&#8211; Nie musisz &#8211; powiedzia\u0142a mama &#8211; my\u015bl\u0119, \u017ce Zosia ju\u017c wie jak to si\u0119 robi.<\/p>\n<p><a href=\"https:\/\/www.kidsskills.org\/WP-fin\/wp-content\/uploads\/tigerthinking.jpg\"><img loading=\"lazy\" decoding=\"async\" class=\"size-medium wp-image-490 alignleft\" src=\"https:\/\/www.kidsskills.org\/WP-fin\/wp-content\/uploads\/tigerthinking-229x300.jpg\" alt=\"tigerthinking\" width=\"229\" height=\"300\" srcset=\"https:\/\/www.kidsskills.org\/WP-fin\/wp-content\/uploads\/tigerthinking-229x300.jpg 229w, https:\/\/www.kidsskills.org\/WP-fin\/wp-content\/uploads\/tigerthinking-115x150.jpg 115w, https:\/\/www.kidsskills.org\/WP-fin\/wp-content\/uploads\/tigerthinking.jpg 400w\" sizes=\"(max-width: 229px) 100vw, 229px\" \/><\/a>Zosia skin\u0119\u0142a g\u0142ow\u0105. Pomy\u015bla\u0142a sobie, \u017ce zabawnie by\u0142oby zobaczy\u0107 dziadka wpadaj\u0105cego w z\u0142o\u015b\u0107 na trawniku, ale raczej na powa\u017cnie tego nie chcia\u0142a. \u00a0Ba\u0142a si\u0119, \u017ce znajomi mogliby si\u0119 dowiedzie\u0107, \u017ce jej rodzina jest dziwna, bo doro\u015bli rzucaj\u0105 si\u0119 na ziemi\u0119 w ataku z\u0142o\u015bci i to bez \u017cadnego konkretnego powodu.<\/p>\n<p>Tego wieczora, kiedy Zosia uk\u0142ada\u0142a si\u0119 do snu, przysz\u0142a do niej mama i powiedzia\u0142a:<\/p>\n<p>&#8211; Sp\u00f3jrz Zosiu co znalaz\u0142am w pude\u0142ku na strychu. To jest rysunek mojego tygrysa, kt\u00f3rego narysowa\u0142am jako dziecko. Jak ci si\u0119 podoba?<a href=\"https:\/\/www.kidsskills.org\/WP-fin\/wp-content\/uploads\/momshowingpicture.jpg\"><img loading=\"lazy\" decoding=\"async\" class=\"size-medium wp-image-485 alignright\" src=\"https:\/\/www.kidsskills.org\/WP-fin\/wp-content\/uploads\/momshowingpicture-209x300.jpg\" alt=\"momshowingpicture\" width=\"209\" height=\"300\" srcset=\"https:\/\/www.kidsskills.org\/WP-fin\/wp-content\/uploads\/momshowingpicture-209x300.jpg 209w, https:\/\/www.kidsskills.org\/WP-fin\/wp-content\/uploads\/momshowingpicture-104x150.jpg 104w, https:\/\/www.kidsskills.org\/WP-fin\/wp-content\/uploads\/momshowingpicture.jpg 300w\" sizes=\"(max-width: 209px) 100vw, 209px\" \/><\/a><\/p>\n<p>&#8211; To jest naprawd\u0119 \u015bwietny rysunek &#8211; powiedzia\u0142a Zosia &#8211; nie wiedzia\u0142am, \u017ce potrafisz tak dobrze rysowa\u0107.<\/p>\n<p>&#8211; Dzi\u0119kuj\u0119 &#8211; powiedzia\u0142a mama &#8211; jutro mo\u017cesz narysowa\u0107 swojego w\u0142asnego tygrysa a potem zaczniemy \u0107wiczy\u0107 jego oswajanie, tak jak zrobi\u0142am to z dziadkiem.<\/p>\n<p>&#8211; Nie chc\u0119 tego &#8211; powiedzia\u0142a Zosia &#8211; to by\u0142o straszne, gdy tak krzycza\u0142a\u015b na dziadka. Musisz mi obieca\u0107, \u017ce ju\u017c nigdy tego nie zrobisz.<\/p>\n<p>&#8211; To by\u0142a tylko zabawa. Chcia\u0142am ci pokaza\u0107 jak to jest. Nie by\u0142am tak naprawd\u0119 z\u0142a na dziadka.<\/p>\n<p>&#8211; \u00a0Niewa\u017cne. Ja chc\u0119 oswoi\u0107 swojego tygrysa w inny spos\u00f3b &#8211; powiedzia\u0142a Zosia.<\/p>\n<p>&#8211; My\u015blisz, \u017ce dasz rad\u0119? &#8211; spyta\u0142a mama<\/p>\n<p>&#8211; M\u00f3j tygrys jest ju\u017c do\u015b\u0107 oswojony &#8211; powiedzia\u0142a Zosia.<\/p>\n<p><a href=\"https:\/\/www.kidsskills.org\/WP-fin\/wp-content\/uploads\/inbedwithtiger.jpg\"><img loading=\"lazy\" decoding=\"async\" class=\"wp-image-478 size-full aligncenter\" src=\"https:\/\/www.kidsskills.org\/WP-fin\/wp-content\/uploads\/inbedwithtiger.jpg\" alt=\"inbedwithtiger\" width=\"400\" height=\"222\" srcset=\"https:\/\/www.kidsskills.org\/WP-fin\/wp-content\/uploads\/inbedwithtiger.jpg 400w, https:\/\/www.kidsskills.org\/WP-fin\/wp-content\/uploads\/inbedwithtiger-150x83.jpg 150w, https:\/\/www.kidsskills.org\/WP-fin\/wp-content\/uploads\/inbedwithtiger-300x167.jpg 300w\" sizes=\"(max-width: 400px) 100vw, 400px\" \/><\/a><\/p>\n<p>&nbsp;<\/p>\n<p>[\/et_pb_text][\/et_pb_column][\/et_pb_row][\/et_pb_section]<\/p>\n","protected":false},"excerpt":{"rendered":"<p>[et_pb_section admin_label=&#8221;section&#8221; transparent_background=&#8221;off&#8221; background_color=&#8221;#9a99bf&#8221; allow_player_pause=&#8221;off&#8221; inner_shadow=&#8221;off&#8221; parallax=&#8221;off&#8221; parallax_method=&#8221;off&#8221; padding_mobile=&#8221;off&#8221; make_fullwidth=&#8221;off&#8221; use_custom_width=&#8221;off&#8221; width_unit=&#8221;on&#8221; make_equal=&#8221;off&#8221; use_custom_gutter=&#8221;off&#8221;][et_pb_row admin_label=&#8221;row&#8221;][et_pb_column type=&#8221;4_4&#8243;][et_pb_text admin_label=&#8221;Linda&#8221; background_layout=&#8221;light&#8221; text_orientation=&#8221;left&#8221; use_border_color=&#8221;off&#8221; border_color=&#8221;#ffffff&#8221; border_style=&#8221;solid&#8221;] ZOSIA OSWAJA SWOJEGO TYGRYSA \u201cZosia oswaja swojego tygrysa\u201d jest opowie\u015bci\u0105 o ma\u0142ej dziewczynce, kt\u00f3ra wpada na pomys\u0142, jak poradzi\u0107 sobie ze swoimi wybuchami z\u0142o\u015bci. Zosia dowiaduje si\u0119, \u017ce jej mama r\u00f3wnie\u017c cierpia\u0142a na [&hellip;]<\/p>\n","protected":false},"author":1,"featured_media":0,"parent":0,"menu_order":0,"comment_status":"closed","ping_status":"closed","template":"","meta":{"_et_pb_use_builder":"on","_et_pb_old_content":"","_et_gb_content_width":"","footnotes":""},"_links":{"self":[{"href":"https:\/\/www.kidsskills.org\/WP-fin\/index.php?rest_route=\/wp\/v2\/pages\/986"}],"collection":[{"href":"https:\/\/www.kidsskills.org\/WP-fin\/index.php?rest_route=\/wp\/v2\/pages"}],"about":[{"href":"https:\/\/www.kidsskills.org\/WP-fin\/index.php?rest_route=\/wp\/v2\/types\/page"}],"author":[{"embeddable":true,"href":"https:\/\/www.kidsskills.org\/WP-fin\/index.php?rest_route=\/wp\/v2\/users\/1"}],"replies":[{"embeddable":true,"href":"https:\/\/www.kidsskills.org\/WP-fin\/index.php?rest_route=%2Fwp%2Fv2%2Fcomments&post=986"}],"version-history":[{"count":3,"href":"https:\/\/www.kidsskills.org\/WP-fin\/index.php?rest_route=\/wp\/v2\/pages\/986\/revisions"}],"predecessor-version":[{"id":1006,"href":"https:\/\/www.kidsskills.org\/WP-fin\/index.php?rest_route=\/wp\/v2\/pages\/986\/revisions\/1006"}],"wp:attachment":[{"href":"https:\/\/www.kidsskills.org\/WP-fin\/index.php?rest_route=%2Fwp%2Fv2%2Fmedia&parent=986"}],"curies":[{"name":"wp","href":"https:\/\/api.w.org\/{rel}","templated":true}]}}